{"id":48,"date":"2021-06-02T20:04:02","date_gmt":"2021-06-02T20:04:02","guid":{"rendered":"https:\/\/www.istmnataliavaca.ec\/?page_id=48"},"modified":"2024-03-10T19:56:54","modified_gmt":"2024-03-10T19:56:54","slug":"quienes-somos","status":"publish","type":"page","link":"https:\/\/www.isttungurahua.edu.ec\/index.php\/quienes-somos\/","title":{"rendered":"Quienes Somos"},"content":{"rendered":"\n<div class=\"wp-block-media-text alignwide is-stacked-on-mobile\"><figure class=\"wp-block-media-text__media\"><img decoding=\"async\" width=\"1024\" height=\"1024\" src=\"https:\/\/www.isttungurahua.edu.ec\/wp-content\/uploads\/2022\/10\/ISTT2-JPG-1024x1024.jpg\" alt=\"\" class=\"wp-image-1162 size-full\" srcset=\"https:\/\/www.isttungurahua.edu.ec\/wp-content\/uploads\/2022\/10\/ISTT2-JPG-1024x1024.jpg 1024w, https:\/\/www.isttungurahua.edu.ec\/wp-content\/uploads\/2022\/10\/ISTT2-JPG-300x300.jpg 300w, https:\/\/www.isttungurahua.edu.ec\/wp-content\/uploads\/2022\/10\/ISTT2-JPG-150x150.jpg 150w, https:\/\/www.isttungurahua.edu.ec\/wp-content\/uploads\/2022\/10\/ISTT2-JPG-768x768.jpg 768w, https:\/\/www.isttungurahua.edu.ec\/wp-content\/uploads\/2022\/10\/ISTT2-JPG-1536x1536.jpg 1536w, https:\/\/www.isttungurahua.edu.ec\/wp-content\/uploads\/2022\/10\/ISTT2-JPG-2048x2048.jpg 2048w, https:\/\/www.isttungurahua.edu.ec\/wp-content\/uploads\/2022\/10\/ISTT2-JPG-80x80.jpg 80w, https:\/\/www.isttungurahua.edu.ec\/wp-content\/uploads\/2022\/10\/ISTT2-JPG-320x320.jpg 320w\" sizes=\"(max-width: 1024px) 100vw, 1024px\" \/><\/figure><div class=\"wp-block-media-text__content\">\n<h2 class=\"wp-block-heading\">Misi\u00f3n<\/h2>\n\n\n\n<p align=\"justify\"> Formar tecn\u00f3logos integrales con car\u00e1cter humanista e intercultural, que alcancen su m\u00e1ximo potencial para enfrentar a los desaf\u00edos globales del mundo laboral, mediante una educaci\u00f3n de calidad e inclusiva, proyectos de vinculaci\u00f3n, investigaci\u00f3n e innovaci\u00f3n tecnol\u00f3gica para promover el desarrollo productivo, tecnol\u00f3gico, econ\u00f3mico, social y sostenible del pa\u00eds ..&nbsp; <\/p>\n\n\n\n<h2 class=\"wp-block-heading\">Visi\u00f3n<\/h2>\n\n\n\n<p align=\"justify\"> Consolidarse para el 2027 como el instituto tecnol\u00f3gico l\u00ecder en la zona centro del pa\u00eds, reconocido nacional e internacionalmente, caracterizado por programas de estudio vanguardista, un entorno educativo estimulante y articulado con las \u00faltimas tendencias para impulsar el avance tecnol\u00f3gico y la soluci\u00f3n de problemas actuales y futuros.\n <\/p>\n<\/div><\/div>\n\n\n\n<hr class=\"wp-block-separator has-alpha-channel-opacity\"\/>\n\n\n\n<h2 class=\"wp-block-heading has-text-align-center\">BIENVENIDOS<\/h2>\n","protected":false},"excerpt":{"rendered":"<p>Misi\u00f3n Formar tecn\u00f3logos integrales con car\u00e1cter humanista e intercultural, que alcancen su m\u00e1ximo potencial para enfrentar a los desaf\u00edos globales del mundo laboral, mediante una educaci\u00f3n de calidad e inclusiva, proyectos de vinculaci\u00f3n, investigaci\u00f3n&#46;&#46;&#46;<\/p>\n","protected":false},"author":1,"featured_media":0,"parent":0,"menu_order":0,"comment_status":"closed","ping_status":"closed","template":"","meta":{"_mi_skip_tracking":false,"_monsterinsights_sitenote_active":false,"_monsterinsights_sitenote_note":"","_monsterinsights_sitenote_category":0,"footnotes":""},"_links":{"self":[{"href":"https:\/\/www.isttungurahua.edu.ec\/index.php\/wp-json\/wp\/v2\/pages\/48"}],"collection":[{"href":"https:\/\/www.isttungurahua.edu.ec\/index.php\/wp-json\/wp\/v2\/pages"}],"about":[{"href":"https:\/\/www.isttungurahua.edu.ec\/index.php\/wp-json\/wp\/v2\/types\/page"}],"author":[{"embeddable":true,"href":"https:\/\/www.isttungurahua.edu.ec\/index.php\/wp-json\/wp\/v2\/users\/1"}],"replies":[{"embeddable":true,"href":"https:\/\/www.isttungurahua.edu.ec\/index.php\/wp-json\/wp\/v2\/comments?post=48"}],"version-history":[{"count":16,"href":"https:\/\/www.isttungurahua.edu.ec\/index.php\/wp-json\/wp\/v2\/pages\/48\/revisions"}],"predecessor-version":[{"id":2556,"href":"https:\/\/www.isttungurahua.edu.ec\/index.php\/wp-json\/wp\/v2\/pages\/48\/revisions\/2556"}],"wp:attachment":[{"href":"https:\/\/www.isttungurahua.edu.ec\/index.php\/wp-json\/wp\/v2\/media?parent=48"}],"curies":[{"name":"wp","href":"https:\/\/api.w.org\/{rel}","templated":true}]}}