{"id":2636,"date":"2024-11-17T23:59:55","date_gmt":"2024-11-17T23:59:55","guid":{"rendered":"https:\/\/www.isttungurahua.edu.ec\/?page_id=2636"},"modified":"2024-11-18T00:05:35","modified_gmt":"2024-11-18T00:05:35","slug":"docentes-educacion-inicial","status":"publish","type":"page","link":"https:\/\/www.isttungurahua.edu.ec\/index.php\/docentes-educacion-inicial\/","title":{"rendered":"Docentes Educaci\u00f3n Inicial"},"content":{"rendered":"\n<figure class=\"wp-block-table is-style-stripes\"><table class=\"has-fixed-layout\"><thead><tr><th>NOMBRES COMPLETOS<\/th><th>T\u00cdTULO DE TERCER NIVEL<\/th><th>T\u00cdTULO DE CUARTO NIVEL<\/th><th>CORREO ELECTR\u00d3NICO<\/th><\/tr><\/thead><tbody><tr><td>P\u00e9rez Constante Mirian Biviana<\/td><td>Lcda. Estimulaci\u00f3n Temprana<\/td><td>Mg. en Pedagog\u00eda en Ciencias de la Salud Mg. en Educaci\u00f3n Inicial<\/td><td><a href=\"mailto:mperez.istt@gmail.com\">mperez.istt@gmail.com<\/a> &nbsp;<\/td><\/tr><tr><td>Romo L\u00f3pez Gabriela Fernanda<\/td><td>Psic\u00f3loga Cl\u00ednica<\/td><td>Mg. en Educaci\u00f3n en el \u00e1rea de Docencia e Investigaci\u00f3n<\/td><td><a href=\"mailto:gromo.istt@gmail.com\">gromo.istt@gmail.com<\/a> &nbsp;<\/td><\/tr><tr><td>S\u00e1nchez Torres Adriana Victoria<\/td><td>Lcda. en Estimulaci\u00f3n Temprana Diplomado Superior en Manejo de Necesidades Educativas Especiales Espec\u00edficas<\/td><td>&nbsp;<\/td><td>&nbsp; <a href=\"mailto:adzanchez.istt@gmail.com\">adzanchez.istt@gmail.com<\/a> &nbsp;<\/td><\/tr><tr><td>Tayo Pazmi\u00f1o Ana Cristina<\/td><td>Lcda. Estimulaci\u00f3n Temprana<\/td><td>Msc. en Neuropsicolog\u00eda y Educaci\u00f3n<\/td><td><a href=\"mailto:atayo.istt@gmail.com\">atayo.istt@gmail.com<\/a> &nbsp;<\/td><\/tr><tr><td>Toaquiza J\u00e1come Jessy Magdalena<\/td><td>Tecn\u00f3loga Pedagoga en Educaci\u00f3n B\u00e1sica y Pre Escolar. Lcda.&nbsp; en Ciencias de la educaci\u00f3n menci\u00f3n Profesora Parvulario<\/td><td>&nbsp;<\/td><td><a href=\"mailto:jtoaquiza.istt@gmail.com\">jtoaquiza.istt@gmail.com<\/a> &nbsp;<\/td><\/tr><tr><td>Toaquiza Padilla Luis Marcelo<\/td><td>Tecn\u00f3logo Pedagogo en Inform\u00e1tica. Lcdo. en Ciencias de la Educaci\u00f3n menci\u00f3n en Inform\u00e1tica<\/td><td>Mg. en Tecnolog\u00edas Educativas y Competencias Digitales<\/td><td>&nbsp; <a href=\"mailto:mtoaquiza.istt@gmail.com\">mtoaquiza.istt@gmail.com<\/a> &nbsp;<\/td><\/tr><tr><td>Velastegui Parra Andrea Carolina<\/td><td>Lcda. Estimulaci\u00f3n Temprana<\/td><td>Mg. en Estimulaci\u00f3n Temprana Menci\u00f3n en Intervenci\u00f3n en el Neurodesarrollo<\/td><td><a href=\"mailto:avelastegui.istt@gmail.com\">avelastegui.istt@gmail.com<\/a> &nbsp;<\/td><\/tr><\/tbody><\/table><\/figure>\n","protected":false},"excerpt":{"rendered":"<p>NOMBRES COMPLETOS T\u00cdTULO DE TERCER NIVEL T\u00cdTULO DE CUARTO NIVEL CORREO ELECTR\u00d3NICO P\u00e9rez Constante Mirian Biviana Lcda. Estimulaci\u00f3n Temprana Mg. en Pedagog\u00eda en Ciencias de la Salud Mg. en Educaci\u00f3n Inicial mperez.istt@gmail.com &nbsp; Romo&#46;&#46;&#46;<\/p>\n","protected":false},"author":1,"featured_media":0,"parent":0,"menu_order":0,"comment_status":"closed","ping_status":"closed","template":"","meta":{"_mi_skip_tracking":false,"_monsterinsights_sitenote_active":false,"_monsterinsights_sitenote_note":"","_monsterinsights_sitenote_category":0,"footnotes":""},"_links":{"self":[{"href":"https:\/\/www.isttungurahua.edu.ec\/index.php\/wp-json\/wp\/v2\/pages\/2636"}],"collection":[{"href":"https:\/\/www.isttungurahua.edu.ec\/index.php\/wp-json\/wp\/v2\/pages"}],"about":[{"href":"https:\/\/www.isttungurahua.edu.ec\/index.php\/wp-json\/wp\/v2\/types\/page"}],"author":[{"embeddable":true,"href":"https:\/\/www.isttungurahua.edu.ec\/index.php\/wp-json\/wp\/v2\/users\/1"}],"replies":[{"embeddable":true,"href":"https:\/\/www.isttungurahua.edu.ec\/index.php\/wp-json\/wp\/v2\/comments?post=2636"}],"version-history":[{"count":2,"href":"https:\/\/www.isttungurahua.edu.ec\/index.php\/wp-json\/wp\/v2\/pages\/2636\/revisions"}],"predecessor-version":[{"id":2645,"href":"https:\/\/www.isttungurahua.edu.ec\/index.php\/wp-json\/wp\/v2\/pages\/2636\/revisions\/2645"}],"wp:attachment":[{"href":"https:\/\/www.isttungurahua.edu.ec\/index.php\/wp-json\/wp\/v2\/media?parent=2636"}],"curies":[{"name":"wp","href":"https:\/\/api.w.org\/{rel}","templated":true}]}}