{"id":2617,"date":"2024-11-16T22:45:09","date_gmt":"2024-11-16T22:45:09","guid":{"rendered":"https:\/\/www.isttungurahua.edu.ec\/?page_id=2617"},"modified":"2024-11-18T00:04:25","modified_gmt":"2024-11-18T00:04:25","slug":"educacion-inicial","status":"publish","type":"page","link":"https:\/\/www.isttungurahua.edu.ec\/index.php\/educacion-inicial\/","title":{"rendered":"Educaci\u00f3n Inicial"},"content":{"rendered":"\n<h1 class=\"wp-block-heading has-text-align-center\">EDUCACI\u00d3N INICIAL<\/h1>\n\n\n\n<div class=\"wp-block-media-text is-stacked-on-mobile\" style=\"grid-template-columns:31% auto\"><figure class=\"wp-block-media-text__media\"><img decoding=\"async\" width=\"1024\" height=\"1024\" src=\"https:\/\/www.isttungurahua.edu.ec\/wp-content\/uploads\/2024\/11\/ISTT2-JPG-1024x1024.jpg\" alt=\"\" class=\"wp-image-2625 size-full\" srcset=\"https:\/\/www.isttungurahua.edu.ec\/wp-content\/uploads\/2024\/11\/ISTT2-JPG-1024x1024.jpg 1024w, https:\/\/www.isttungurahua.edu.ec\/wp-content\/uploads\/2024\/11\/ISTT2-JPG-300x300.jpg 300w, https:\/\/www.isttungurahua.edu.ec\/wp-content\/uploads\/2024\/11\/ISTT2-JPG-150x150.jpg 150w, https:\/\/www.isttungurahua.edu.ec\/wp-content\/uploads\/2024\/11\/ISTT2-JPG-768x768.jpg 768w, https:\/\/www.isttungurahua.edu.ec\/wp-content\/uploads\/2024\/11\/ISTT2-JPG-1536x1536.jpg 1536w, https:\/\/www.isttungurahua.edu.ec\/wp-content\/uploads\/2024\/11\/ISTT2-JPG-2048x2048.jpg 2048w, https:\/\/www.isttungurahua.edu.ec\/wp-content\/uploads\/2024\/11\/ISTT2-JPG-80x80.jpg 80w, https:\/\/www.isttungurahua.edu.ec\/wp-content\/uploads\/2024\/11\/ISTT2-JPG-320x320.jpg 320w\" sizes=\"(max-width: 1024px) 100vw, 1024px\" \/><\/figure><div class=\"wp-block-media-text__content\">\n<h2 class=\"wp-block-heading has-text-color\" style=\"color:#028c3c\">OBJETIVO DE LA CARRERA<\/h2>\n\n\n\n<p align=\"justify\">Formar profesionales a nivel tecnol\u00f3gico en educaci\u00f3n inicial, capaces de implementar y asistir a los procesos de ense\u00f1anza &#8211; aprendizaje en ambientes educativos inclusivos, seguros y estimulantes desde el nacimiento hasta los 5 a\u00f1os de edad, mediante herramientas pedag\u00f3gicas y curriculares que contribuyan al desarrollo integral de la primera infancia.<\/p>\n<\/div><\/div>\n\n\n\n<hr class=\"wp-block-separator has-alpha-channel-opacity\"\/>\n\n\n\n<div class=\"wp-block-columns is-layout-flex wp-container-core-columns-layout-1 wp-block-columns-is-layout-flex\">\n<div class=\"wp-block-column is-layout-flow wp-block-column-is-layout-flow\">\n<h2 class=\"wp-block-heading has-text-color\" style=\"color:#028c3c\">INFORMACI\u00d3N<\/h2>\n\n\n\n<ul>\n<li>Duraci\u00f3n 4 semestres<\/li>\n\n\n\n<li>Jornadas: Vespertina &#8211; Nocturna<\/li>\n\n\n\n<li>Modalidad: Dual Intensivo y  Abierto<\/li>\n<\/ul>\n<\/div>\n\n\n\n<div class=\"wp-block-column is-layout-flow wp-block-column-is-layout-flow\">\n<h2 class=\"wp-block-heading has-text-color\" style=\"color:#028c3c\">MALLA CURRICULAR<\/h2>\n\n\n\n<div class=\"wp-block-file\"><a id=\"wp-block-file--media-d501bcb1-2a9c-4e5e-960a-f937dd3f5268\" href=\"https:\/\/www.isttungurahua.edu.ec\/wp-content\/uploads\/2024\/11\/Malla-Educacion-Inicial-Tungurahua.pdf\" target=\"_blank\" rel=\"noreferrer noopener\">Malla Educaci\u00f3n Inicial<\/a><a href=\"https:\/\/www.isttungurahua.edu.ec\/wp-content\/uploads\/2024\/11\/Malla-Educacion-Inicial-Tungurahua.pdf\" class=\"wp-block-file__button wp-element-button\" download aria-describedby=\"wp-block-file--media-d501bcb1-2a9c-4e5e-960a-f937dd3f5268\">Descarga<\/a><\/div>\n<\/div>\n<\/div>\n\n\n\n<figure class=\"wp-block-table is-style-stripes has-medium-font-size\"><table class=\"has-fixed-layout\"><thead><tr><th>COORDINADORA<\/th><th>CONTACTO<\/th><\/tr><\/thead><tbody><tr><td>Lic. Jessy Toaquiza<\/td><td>coordinacion.dii.istt@gmail.com<\/td><\/tr><tr><td>Docentes de la carrera<\/td><td><strong><a href=\"https:\/\/www.isttungurahua.edu.ec\/index.php\/docentes-educacion-inicial\/\" target=\"_blank\" rel=\"noreferrer noopener\">Clic aqu\u00ed<\/a><\/strong><\/td><\/tr><\/tbody><\/table><\/figure>\n","protected":false},"excerpt":{"rendered":"<p>EDUCACI\u00d3N INICIAL OBJETIVO DE LA CARRERA Formar profesionales a nivel tecnol\u00f3gico en educaci\u00f3n inicial, capaces de implementar y asistir a los procesos de ense\u00f1anza &#8211; aprendizaje en ambientes educativos inclusivos, seguros y estimulantes desde&#46;&#46;&#46;<\/p>\n","protected":false},"author":1,"featured_media":0,"parent":0,"menu_order":0,"comment_status":"closed","ping_status":"closed","template":"","meta":{"_mi_skip_tracking":false,"_monsterinsights_sitenote_active":false,"_monsterinsights_sitenote_note":"","_monsterinsights_sitenote_category":0,"footnotes":""},"_links":{"self":[{"href":"https:\/\/www.isttungurahua.edu.ec\/index.php\/wp-json\/wp\/v2\/pages\/2617"}],"collection":[{"href":"https:\/\/www.isttungurahua.edu.ec\/index.php\/wp-json\/wp\/v2\/pages"}],"about":[{"href":"https:\/\/www.isttungurahua.edu.ec\/index.php\/wp-json\/wp\/v2\/types\/page"}],"author":[{"embeddable":true,"href":"https:\/\/www.isttungurahua.edu.ec\/index.php\/wp-json\/wp\/v2\/users\/1"}],"replies":[{"embeddable":true,"href":"https:\/\/www.isttungurahua.edu.ec\/index.php\/wp-json\/wp\/v2\/comments?post=2617"}],"version-history":[{"count":5,"href":"https:\/\/www.isttungurahua.edu.ec\/index.php\/wp-json\/wp\/v2\/pages\/2617\/revisions"}],"predecessor-version":[{"id":2644,"href":"https:\/\/www.isttungurahua.edu.ec\/index.php\/wp-json\/wp\/v2\/pages\/2617\/revisions\/2644"}],"wp:attachment":[{"href":"https:\/\/www.isttungurahua.edu.ec\/index.php\/wp-json\/wp\/v2\/media?parent=2617"}],"curies":[{"name":"wp","href":"https:\/\/api.w.org\/{rel}","templated":true}]}}