{"id":1061,"date":"2022-08-26T21:12:30","date_gmt":"2022-08-26T21:12:30","guid":{"rendered":"https:\/\/www.isttungurahua.edu.ec\/?page_id=1061"},"modified":"2025-04-21T21:55:22","modified_gmt":"2025-04-21T21:55:22","slug":"bolsa-de-empleo","status":"publish","type":"page","link":"https:\/\/www.isttungurahua.edu.ec\/index.php\/bolsa-de-empleo\/","title":{"rendered":"Bolsa de Empleo"},"content":{"rendered":"\n<hr class=\"wp-block-separator has-alpha-channel-opacity\"\/>\n\n\n\n<h2 class=\"wp-block-heading has-text-align-center\">BOLSA DE EMPLEO<\/h2>\n\n\n\n<h4 class=\"wp-block-heading has-text-align-left has-white-color has-black-background-color has-text-color has-background has-link-color wp-elements-78cd03dae2f44ebd0e63852701dbc49f\">NOTA: Los postulantes tienen tres d\u00edas a partir de la fecha de publicaci\u00f3n del anuncio para enviar la documentaci\u00f3n a los datos proporcionados.<\/h4>\n\n\n<ul class=\"wp-block-latest-posts__list has-dates wp-block-latest-posts\"><li><a class=\"wp-block-latest-posts__post-title\" href=\"https:\/\/www.isttungurahua.edu.ec\/index.php\/2026\/04\/24\/ecuatran-2\/\">ECUATRAN<\/a><time datetime=\"2026-04-24T21:52:59+00:00\" class=\"wp-block-latest-posts__post-date\">24 abril, 2026<\/time><div class=\"wp-block-latest-posts__post-full-content\"><!-- wp:heading {\"style\":{\"color\":{\"background\":\"#028c3c\"},\"elements\":{\"link\":{\"color\":{\"text\":\"var:preset|color|white\"}}},\"typography\":{\"textTransform\":\"none\",\"fontSize\":\"25px\"}},\"textColor\":\"white\"} -->\n<h2 class=\"wp-block-heading has-white-color has-text-color has-background has-link-color\" style=\"background-color:#028c3c;font-size:25px;text-transform:none\">T\u00c9CNICO DE MANTENIMIETO INDUSTRIAL<\/h2>\n<!-- \/wp:heading -->\n\n<!-- wp:columns -->\n<div class=\"wp-block-columns\"><!-- wp:column {\"width\":\"px\"} -->\n<div class=\"wp-block-column\"><!-- wp:heading {\"level\":3} -->\n<h3 class=\"wp-block-heading\">Requisitos<\/h3>\n<!-- \/wp:heading -->\n\n<!-- wp:list -->\n<ul><!-- wp:list-item -->\n<li>Tecn\u00f3logo en Electricidad o Manteniento.<\/li>\n<!-- \/wp:list-item -->\n\n<!-- wp:list-item -->\n<li>Experiencia m\u00ednimo 1 a\u00f1o en mantenimiento industrial.<\/li>\n<!-- \/wp:list-item -->\n\n<!-- wp:list-item -->\n<li>Conocimiento en control industrial, instalaciones industriales e instrumentaci\u00f3n.<\/li>\n<!-- \/wp:list-item --><\/ul>\n<!-- \/wp:list --><\/div>\n<!-- \/wp:column -->\n\n<!-- wp:column -->\n<div class=\"wp-block-column\"><!-- wp:heading {\"level\":3} -->\n<h3 class=\"wp-block-heading\">Contactos:<\/h3>\n<!-- \/wp:heading -->\n\n<!-- wp:list -->\n<ul><!-- wp:list-item -->\n<li>Enviar hoja de vida a: mchiguano@ecuatran.com<\/li>\n<!-- \/wp:list-item --><\/ul>\n<!-- \/wp:list --><\/div>\n<!-- \/wp:column --><\/div>\n<!-- \/wp:columns -->\n\n<!-- wp:separator -->\n<hr class=\"wp-block-separator has-alpha-channel-opacity\" \/>\n<!-- \/wp:separator --><\/div><\/li>\n<li><a class=\"wp-block-latest-posts__post-title\" href=\"https:\/\/www.isttungurahua.edu.ec\/index.php\/2026\/04\/24\/solutec-soluciones-tecnologicas\/\">SOLUTEC SOLUCIONES TECNOL\u00d3GICAS<\/a><time datetime=\"2026-04-24T21:49:35+00:00\" class=\"wp-block-latest-posts__post-date\">24 abril, 2026<\/time><div class=\"wp-block-latest-posts__post-full-content\"><!-- wp:heading {\"style\":{\"color\":{\"background\":\"#028c3c\"},\"elements\":{\"link\":{\"color\":{\"text\":\"var:preset|color|white\"}}},\"typography\":{\"textTransform\":\"none\",\"fontSize\":\"25px\"}},\"textColor\":\"white\"} -->\n<h2 class=\"wp-block-heading has-white-color has-text-color has-background has-link-color\" style=\"background-color:#028c3c;font-size:25px;text-transform:none\">T\u00c9CNICO ELECTRICISTA EN PROYECTOS RESIDENCIALES<\/h2>\n<!-- \/wp:heading -->\n\n<!-- wp:columns -->\n<div class=\"wp-block-columns\"><!-- wp:column {\"width\":\"px\"} -->\n<div class=\"wp-block-column\"><!-- wp:heading {\"level\":3} -->\n<h3 class=\"wp-block-heading\">Requisitos<\/h3>\n<!-- \/wp:heading -->\n\n<!-- wp:list -->\n<ul><!-- wp:list-item -->\n<li>T\u00edtulo t\u00e9cnico en el \u00e1rea el\u00e9ctrica. <\/li>\n<!-- \/wp:list-item -->\n\n<!-- wp:list-item -->\n<li>Experiencia comprobable en el \u00e1res.<\/li>\n<!-- \/wp:list-item -->\n\n<!-- wp:list-item -->\n<li>Experiencia en proycetos residensiales.<\/li>\n<!-- \/wp:list-item --><\/ul>\n<!-- \/wp:list --><\/div>\n<!-- \/wp:column -->\n\n<!-- wp:column -->\n<div class=\"wp-block-column\"><!-- wp:heading {\"level\":3} -->\n<h3 class=\"wp-block-heading\">Contactos:<\/h3>\n<!-- \/wp:heading -->\n\n<!-- wp:list -->\n<ul><!-- wp:list-item -->\n<li>Direcci\u00f3n: Ambato, calle Manuela Ca\u00f1izares y Bol\u00edvar<\/li>\n<!-- \/wp:list-item -->\n\n<!-- wp:list-item -->\n<li>Contactos: 0999001888<\/li>\n<!-- \/wp:list-item --><\/ul>\n<!-- \/wp:list --><\/div>\n<!-- \/wp:column --><\/div>\n<!-- \/wp:columns -->\n\n<!-- wp:separator -->\n<hr class=\"wp-block-separator has-alpha-channel-opacity\" \/>\n<!-- \/wp:separator --><\/div><\/li>\n<li><a class=\"wp-block-latest-posts__post-title\" href=\"https:\/\/www.isttungurahua.edu.ec\/index.php\/2026\/04\/16\/grupo-miral\/\">GRUPO MIRAL<\/a><time datetime=\"2026-04-16T18:55:58+00:00\" class=\"wp-block-latest-posts__post-date\">16 abril, 2026<\/time><div class=\"wp-block-latest-posts__post-full-content\"><!-- wp:heading {\"style\":{\"color\":{\"background\":\"#028c3c\"},\"elements\":{\"link\":{\"color\":{\"text\":\"var:preset|color|white\"}}},\"typography\":{\"textTransform\":\"none\",\"fontSize\":\"25px\"}},\"textColor\":\"white\"} -->\n<h2 class=\"wp-block-heading has-white-color has-text-color has-background has-link-color\" style=\"background-color:#028c3c;font-size:25px;text-transform:none\">PERSONAL DE PRODUCCI\u00d3N<\/h2>\n<!-- \/wp:heading -->\n\n<!-- wp:columns -->\n<div class=\"wp-block-columns\"><!-- wp:column {\"width\":\"px\"} -->\n<div class=\"wp-block-column\"><!-- wp:heading {\"level\":3} -->\n<h3 class=\"wp-block-heading\">Requisitos<\/h3>\n<!-- \/wp:heading -->\n\n<!-- wp:list -->\n<ul><!-- wp:list-item -->\n<li>Maestros y oficiales en:<br>Construcci\u00f3n en fibra de vidrio<br>Soldadores<br>Acabados<br>Pintores<\/li>\n<!-- \/wp:list-item -->\n\n<!-- wp:list-item -->\n<li>Titulo de bachiller o t\u00edtulo de Tecn\u00f3logo en Carreras Industriales<\/li>\n<!-- \/wp:list-item -->\n\n<!-- wp:list-item -->\n<li>Experiencia en el sector<\/li>\n<!-- \/wp:list-item -->\n\n<!-- wp:list-item -->\n<li>Responsabilidad y proactividad<\/li>\n<!-- \/wp:list-item --><\/ul>\n<!-- \/wp:list --><\/div>\n<!-- \/wp:column -->\n\n<!-- wp:column -->\n<div class=\"wp-block-column\"><!-- wp:heading {\"level\":3} -->\n<h3 class=\"wp-block-heading\">Contactos:<\/h3>\n<!-- \/wp:heading -->\n\n<!-- wp:list -->\n<ul><!-- wp:list-item -->\n<li>Enviar hoja de vida a:  rrhh@miral-autobuses.com<\/li>\n<!-- \/wp:list-item -->\n\n<!-- wp:list-item -->\n<li>Direcci\u00f3n: Panamericana Norte Km 7 1\/2<\/li>\n<!-- \/wp:list-item -->\n\n<!-- wp:list-item -->\n<li>Contactos: 0994964060 (WhatsApp)<\/li>\n<!-- \/wp:list-item --><\/ul>\n<!-- \/wp:list --><\/div>\n<!-- \/wp:column --><\/div>\n<!-- \/wp:columns -->\n\n<!-- wp:separator -->\n<hr class=\"wp-block-separator has-alpha-channel-opacity\" \/>\n<!-- \/wp:separator --><\/div><\/li>\n<li><a class=\"wp-block-latest-posts__post-title\" href=\"https:\/\/www.isttungurahua.edu.ec\/index.php\/2026\/04\/16\/tienda-airbag-com-2\/\">TIENDA AIRBAG.COM<\/a><time datetime=\"2026-04-16T18:48:21+00:00\" class=\"wp-block-latest-posts__post-date\">16 abril, 2026<\/time><div class=\"wp-block-latest-posts__post-full-content\"><!-- wp:heading {\"style\":{\"color\":{\"background\":\"#028c3c\"},\"elements\":{\"link\":{\"color\":{\"text\":\"var:preset|color|white\"}}},\"typography\":{\"textTransform\":\"none\",\"fontSize\":\"25px\"}},\"textColor\":\"white\"} -->\n<h2 class=\"wp-block-heading has-white-color has-text-color has-background has-link-color\" style=\"background-color:#028c3c;font-size:25px;text-transform:none\">TECN\u00d3LOGO EN MEC\u00c1NICA AUTOMOTRIZ<\/h2>\n<!-- \/wp:heading -->\n\n<!-- wp:columns -->\n<div class=\"wp-block-columns\"><!-- wp:column {\"width\":\"px\"} -->\n<div class=\"wp-block-column\"><!-- wp:heading {\"level\":3} -->\n<h3 class=\"wp-block-heading\">Requisitos<\/h3>\n<!-- \/wp:heading -->\n\n<!-- wp:list -->\n<ul><!-- wp:list-item -->\n<li>Tecn\u00f3logo en Mec\u00e1nica Automotriz o Ingeniero Automotriz y\/o afines<\/li>\n<!-- \/wp:list-item -->\n\n<!-- wp:list-item -->\n<li>Licencia de conducir tipo B (obligatorio) con dominio en conducci\u00f3n y de preferencia tambi\u00e9n licencia de motocicleta (opcional).<\/li>\n<!-- \/wp:list-item -->\n\n<!-- wp:list-item -->\n<li>Disponibilidad de tiempo completo: Horario de lunes a viernes de 09h30 a 17h30 y s\u00e1bados de 80h30 a 14h30.<\/li>\n<!-- \/wp:list-item -->\n\n<!-- wp:list-item -->\n<li>Edad entre 22 a 30 a\u00f1os<\/li>\n<!-- \/wp:list-item -->\n\n<!-- wp:list-item -->\n<li>Experiencia de 1 a\u00f1o m\u00ednimo verificable realizando actividades t\u00e9cnicas en Ambato en los campos de electromec\u00e1nica, electricidad, electr\u00f3nica, mec\u00e1nica o enderezada y pintura.<\/li>\n<!-- \/wp:list-item -->\n\n<!-- wp:list-item -->\n<li>Inter\u00e9s, educaci\u00f3n y buena actitud para aprender y profundizar conocimientos en el funcionamiento de los sistemas SRS Airbag.<\/li>\n<!-- \/wp:list-item --><\/ul>\n<!-- \/wp:list --><\/div>\n<!-- \/wp:column -->\n\n<!-- wp:column -->\n<div class=\"wp-block-column\"><!-- wp:heading {\"level\":3} -->\n<h3 class=\"wp-block-heading\">Contactos:<\/h3>\n<!-- \/wp:heading -->\n\n<!-- wp:list -->\n<ul><!-- wp:list-item -->\n<li>Enviar hoja de vida a: entasambato1@tiendaairbag.com<\/li>\n<!-- \/wp:list-item --><\/ul>\n<!-- \/wp:list --><\/div>\n<!-- \/wp:column --><\/div>\n<!-- \/wp:columns -->\n\n<!-- wp:separator -->\n<hr class=\"wp-block-separator has-alpha-channel-opacity\" \/>\n<!-- \/wp:separator --><\/div><\/li>\n<li><a class=\"wp-block-latest-posts__post-title\" href=\"https:\/\/www.isttungurahua.edu.ec\/index.php\/2026\/04\/14\/assa-3\/\">ASSA<\/a><time datetime=\"2026-04-14T17:52:36+00:00\" class=\"wp-block-latest-posts__post-date\">14 abril, 2026<\/time><div class=\"wp-block-latest-posts__post-full-content\"><!-- wp:heading {\"style\":{\"color\":{\"background\":\"#028c3c\"},\"elements\":{\"link\":{\"color\":{\"text\":\"var:preset|color|white\"}}},\"typography\":{\"textTransform\":\"none\",\"fontSize\":\"25px\"}},\"textColor\":\"white\"} -->\n<h2 class=\"wp-block-heading has-white-color has-text-color has-background has-link-color\" style=\"background-color:#028c3c;font-size:25px;text-transform:none\">BODEGUERO<\/h2>\n<!-- \/wp:heading -->\n\n<!-- wp:columns -->\n<div class=\"wp-block-columns\"><!-- wp:column {\"width\":\"px\"} -->\n<div class=\"wp-block-column\"><!-- wp:heading {\"level\":3} -->\n<h3 class=\"wp-block-heading\">Requisitos<\/h3>\n<!-- \/wp:heading -->\n\n<!-- wp:list -->\n<ul><!-- wp:list-item -->\n<li>Tecn\u00f3logo en Mec\u00e1nica Automotriz o Ingeniero automotriz y\/o afines<\/li>\n<!-- \/wp:list-item -->\n\n<!-- wp:list-item -->\n<li>Experiencia de 1 a 3 a\u00f1os en manejo de bodegas de repuestos<\/li>\n<!-- \/wp:list-item -->\n\n<!-- wp:list-item -->\n<li>Conocimiento de manejos de cat\u00e1logos automotrices<\/li>\n<!-- \/wp:list-item -->\n\n<!-- wp:list-item -->\n<li>Conocimiento en Excel b\u00e1sico.<\/li>\n<!-- \/wp:list-item -->\n\n<!-- wp:list-item -->\n<li>Trabajo en equipo<\/li>\n<!-- \/wp:list-item -->\n\n<!-- wp:list-item -->\n<li>Orientaci\u00f3n aresultados<\/li>\n<!-- \/wp:list-item -->\n\n<!-- wp:list-item -->\n<li>Identificaci\u00f3n con la empresa<\/li>\n<!-- \/wp:list-item -->\n\n<!-- wp:list-item -->\n<li>orientaci\u00f3n al cliente.<\/li>\n<!-- \/wp:list-item --><\/ul>\n<!-- \/wp:list --><\/div>\n<!-- \/wp:column -->\n\n<!-- wp:column -->\n<div class=\"wp-block-column\"><!-- wp:heading {\"level\":3} -->\n<h3 class=\"wp-block-heading\">Contactos:<\/h3>\n<!-- \/wp:heading -->\n\n<!-- wp:list -->\n<ul><!-- wp:list-item -->\n<li>Enviar hoja de vida a: bolsaempleo@assa.com.ec<\/li>\n<!-- \/wp:list-item --><\/ul>\n<!-- \/wp:list --><\/div>\n<!-- \/wp:column --><\/div>\n<!-- \/wp:columns -->\n\n<!-- wp:separator -->\n<hr class=\"wp-block-separator has-alpha-channel-opacity\" \/>\n<!-- \/wp:separator --><\/div><\/li>\n<\/ul>\n\n\n<h2 class=\"wp-block-heading has-text-align-center\"><a href=\"https:\/\/docs.google.com\/forms\/d\/e\/1FAIpQLSeKzbMnsFmmO8Jr1ZFp8aiDZs9rYmg8HgsxQBU6CS9hT9XG8g\/viewform\" target=\"_blank\" rel=\"noreferrer noopener\">Inscr\u00edbete aqu\u00ed en nuestra bolsa de empleo<\/a><\/h2>\n\n\n\n<h2 class=\"wp-block-heading has-text-align-center\"><a rel=\"noreferrer noopener\" href=\"https:\/\/docs.google.com\/spreadsheets\/d\/1kIY7jm3lA4iXZcIVktE5GNBnjHyrguFVZzIfMTsSjtg\/edit?resourcekey#gid=1209894127\" target=\"_blank\">Revisi\u00f3n de Hojas de vida<\/a><\/h2>\n","protected":false},"excerpt":{"rendered":"<p>BOLSA DE EMPLEO NOTA: Los postulantes tienen tres d\u00edas a partir de la fecha de publicaci\u00f3n del anuncio para enviar la documentaci\u00f3n a los datos proporcionados. Inscr\u00edbete aqu\u00ed en nuestra bolsa de empleo Revisi\u00f3n&#46;&#46;&#46;<\/p>\n","protected":false},"author":1,"featured_media":0,"parent":0,"menu_order":0,"comment_status":"closed","ping_status":"closed","template":"","meta":{"_mi_skip_tracking":false,"_monsterinsights_sitenote_active":false,"_monsterinsights_sitenote_note":"","_monsterinsights_sitenote_category":0,"footnotes":""},"_links":{"self":[{"href":"https:\/\/www.isttungurahua.edu.ec\/index.php\/wp-json\/wp\/v2\/pages\/1061"}],"collection":[{"href":"https:\/\/www.isttungurahua.edu.ec\/index.php\/wp-json\/wp\/v2\/pages"}],"about":[{"href":"https:\/\/www.isttungurahua.edu.ec\/index.php\/wp-json\/wp\/v2\/types\/page"}],"author":[{"embeddable":true,"href":"https:\/\/www.isttungurahua.edu.ec\/index.php\/wp-json\/wp\/v2\/users\/1"}],"replies":[{"embeddable":true,"href":"https:\/\/www.isttungurahua.edu.ec\/index.php\/wp-json\/wp\/v2\/comments?post=1061"}],"version-history":[{"count":20,"href":"https:\/\/www.isttungurahua.edu.ec\/index.php\/wp-json\/wp\/v2\/pages\/1061\/revisions"}],"predecessor-version":[{"id":3356,"href":"https:\/\/www.isttungurahua.edu.ec\/index.php\/wp-json\/wp\/v2\/pages\/1061\/revisions\/3356"}],"wp:attachment":[{"href":"https:\/\/www.isttungurahua.edu.ec\/index.php\/wp-json\/wp\/v2\/media?parent=1061"}],"curies":[{"name":"wp","href":"https:\/\/api.w.org\/{rel}","templated":true}]}}